{"id":9581,"date":"2025-02-17T13:47:42","date_gmt":"2025-02-17T13:47:42","guid":{"rendered":"https:\/\/linkbuildingseo.be\/?page_id=9581"},"modified":"2025-03-19T11:08:51","modified_gmt":"2025-03-19T11:08:51","slug":"cas","status":"publish","type":"page","link":"https:\/\/linkbuildingseo.be\/fr\/cases\/","title":{"rendered":"Cas"},"content":{"rendered":"<div data-elementor-type=\"wp-page\" data-elementor-id=\"9581\" class=\"elementor elementor-9581\" data-elementor-post-type=\"page\">\n\t\t\t\t<div class=\"elementor-element elementor-element-b50d2e7 e-grid e-con-boxed e-con e-parent\" data-id=\"b50d2e7\" data-element_type=\"container\" data-e-type=\"container\">\n\t\t\t\t\t<div class=\"e-con-inner\">\n\t\t\t\t<div class=\"elementor-element elementor-element-767c7a5 elementor-widget elementor-widget-heading\" data-id=\"767c7a5\" data-element_type=\"widget\" data-e-type=\"widget\" data-widget_type=\"heading.default\">\n\t\t\t\t<div class=\"elementor-widget-container\">\n\t\t\t\t\t<h2 class=\"elementor-heading-title elementor-size-default\">Nos cas clients<\/h2>\t\t\t\t<\/div>\n\t\t\t\t<\/div>\n\t\t\t\t\t<\/div>\n\t\t\t\t<\/div>\n\t\t\t\t<section class=\"elementor-section elementor-top-section elementor-element elementor-element-a041457 elementor-section-boxed elementor-section-height-default elementor-section-height-default\" data-id=\"a041457\" data-element_type=\"section\" data-e-type=\"section\">\n\t\t\t\t\t\t<div class=\"elementor-container elementor-column-gap-default\">\n\t\t\t\t\t<div class=\"elementor-column elementor-col-100 elementor-top-column elementor-element elementor-element-1d2a82c\" data-id=\"1d2a82c\" data-element_type=\"column\" data-e-type=\"column\">\n\t\t\t<div class=\"elementor-widget-wrap elementor-element-populated\">\n\t\t\t\t\t\t<div class=\"elementor-element elementor-element-038d1f7 elementor-grid-3 elementor-grid-tablet-2 elementor-grid-mobile-1 elementor-posts--thumbnail-top elementor-card-shadow-yes elementor-posts__hover-gradient elementor-widget elementor-widget-posts\" data-id=\"038d1f7\" data-element_type=\"widget\" data-e-type=\"widget\" data-settings=\"{&quot;cards_columns&quot;:&quot;3&quot;,&quot;cards_columns_tablet&quot;:&quot;2&quot;,&quot;cards_columns_mobile&quot;:&quot;1&quot;,&quot;cards_row_gap&quot;:{&quot;unit&quot;:&quot;px&quot;,&quot;size&quot;:35,&quot;sizes&quot;:[]},&quot;cards_row_gap_tablet&quot;:{&quot;unit&quot;:&quot;px&quot;,&quot;size&quot;:&quot;&quot;,&quot;sizes&quot;:[]},&quot;cards_row_gap_mobile&quot;:{&quot;unit&quot;:&quot;px&quot;,&quot;size&quot;:&quot;&quot;,&quot;sizes&quot;:[]}}\" data-widget_type=\"posts.cards\">\n\t\t\t\t<div class=\"elementor-widget-container\">\n\t\t\t\t\t\t\t<div class=\"elementor-posts-container elementor-posts elementor-posts--skin-cards elementor-grid\" role=\"list\">\n\t\t\t\t<article class=\"elementor-post elementor-grid-item post-9614 post type-post status-publish format-standard has-post-thumbnail hentry category-cases-seo\" role=\"listitem\">\n\t\t\t<div class=\"elementor-post__card\">\n\t\t\t\t<a class=\"elementor-post__thumbnail__link\" href=\"https:\/\/linkbuildingseo.be\/fr\/klantencase-the-suitlab\/\" tabindex=\"-1\" ><div class=\"elementor-post__thumbnail\"><img fetchpriority=\"high\" decoding=\"async\" width=\"800\" height=\"408\" src=\"https:\/\/linkbuildingseo.be\/wp-content\/uploads\/2025\/02\/Scherm\u00adafbeelding-2025-03-19-om-12.04.46-1024x522.png\" class=\"attachment-large size-large wp-image-9757\" alt=\"\" srcset=\"https:\/\/linkbuildingseo.be\/wp-content\/uploads\/2025\/02\/Scherm\u00adafbeelding-2025-03-19-om-12.04.46-1024x522.png 1024w, https:\/\/linkbuildingseo.be\/wp-content\/uploads\/2025\/02\/Scherm\u00adafbeelding-2025-03-19-om-12.04.46-300x153.png 300w, https:\/\/linkbuildingseo.be\/wp-content\/uploads\/2025\/02\/Scherm\u00adafbeelding-2025-03-19-om-12.04.46-768x391.png 768w, https:\/\/linkbuildingseo.be\/wp-content\/uploads\/2025\/02\/Scherm\u00adafbeelding-2025-03-19-om-12.04.46-1536x782.png 1536w, https:\/\/linkbuildingseo.be\/wp-content\/uploads\/2025\/02\/Scherm\u00adafbeelding-2025-03-19-om-12.04.46-2048x1043.png 2048w\" sizes=\"(max-width: 800px) 100vw, 800px\" \/><\/div><\/a>\n\t\t\t\t<div class=\"elementor-post__text\">\n\t\t\t\t<h3 class=\"elementor-post__title\">\n\t\t\t<a href=\"https:\/\/linkbuildingseo.be\/fr\/klantencase-the-suitlab\/\" >\n\t\t\t\tLe SuitLab\t\t\t<\/a>\n\t\t<\/h3>\n\t\t\t\t<div class=\"elementor-post__excerpt\">\n\t\t\t<p>The Suitlab, sp\u00e9cialiste des costumes sur mesure, compte plus de 62 mots-cl\u00e9s dans le Top 5 de Google gr\u00e2ce \u00e0 des ann\u00e9es d'investissement dans le r\u00e9f\u00e9rencement. Il en r\u00e9sulte un flux constant de demandes de renseignements sur le site web. Notre coop\u00e9ration \u00e0 long terme d\u00e9montre qu'un r\u00e9f\u00e9rencement efficace et \u00e9thique contribue \u00e0 un succ\u00e8s en ligne durable.<\/p>\n\t\t<\/div>\n\t\t\n\t\t<a class=\"elementor-post__read-more\" href=\"https:\/\/linkbuildingseo.be\/fr\/klantencase-the-suitlab\/\" aria-label=\"En savoir plus sur The SuitLab\" tabindex=\"-1\" >\n\t\t\tLire la suite \"\t\t<\/a>\n\n\t\t\t\t<\/div>\n\t\t\t\t\t<\/div>\n\t\t<\/article>\n\t\t\t\t<article class=\"elementor-post elementor-grid-item post-9602 post type-post status-publish format-standard has-post-thumbnail hentry category-cases-seo\" role=\"listitem\">\n\t\t\t<div class=\"elementor-post__card\">\n\t\t\t\t<a class=\"elementor-post__thumbnail__link\" href=\"https:\/\/linkbuildingseo.be\/fr\/klantencase-saferoads\/\" tabindex=\"-1\" ><div class=\"elementor-post__thumbnail\"><img decoding=\"async\" width=\"800\" height=\"408\" src=\"https:\/\/linkbuildingseo.be\/wp-content\/uploads\/2025\/02\/Scherm\u00adafbeelding-2025-03-19-om-12.04.10-1024x522.png\" class=\"attachment-large size-large wp-image-9758\" alt=\"\" srcset=\"https:\/\/linkbuildingseo.be\/wp-content\/uploads\/2025\/02\/Scherm\u00adafbeelding-2025-03-19-om-12.04.10-1024x522.png 1024w, https:\/\/linkbuildingseo.be\/wp-content\/uploads\/2025\/02\/Scherm\u00adafbeelding-2025-03-19-om-12.04.10-300x153.png 300w, https:\/\/linkbuildingseo.be\/wp-content\/uploads\/2025\/02\/Scherm\u00adafbeelding-2025-03-19-om-12.04.10-768x391.png 768w, https:\/\/linkbuildingseo.be\/wp-content\/uploads\/2025\/02\/Scherm\u00adafbeelding-2025-03-19-om-12.04.10-1536x782.png 1536w, https:\/\/linkbuildingseo.be\/wp-content\/uploads\/2025\/02\/Scherm\u00adafbeelding-2025-03-19-om-12.04.10-2048x1043.png 2048w\" sizes=\"(max-width: 800px) 100vw, 800px\" \/><\/div><\/a>\n\t\t\t\t<div class=\"elementor-post__text\">\n\t\t\t\t<h3 class=\"elementor-post__title\">\n\t\t\t<a href=\"https:\/\/linkbuildingseo.be\/fr\/klantencase-saferoads\/\" >\n\t\t\t\tSaferoads\t\t\t<\/a>\n\t\t<\/h3>\n\t\t\t\t<div class=\"elementor-post__excerpt\">\n\t\t\t<p>Saferoads.be, sp\u00e9cialis\u00e9e dans la s\u00e9curit\u00e9 du trafic de retour obligatoire, souhaitait accro\u00eetre sa visibilit\u00e9 en ligne et son trafic organique. Gr\u00e2ce \u00e0 une approche strat\u00e9gique, le trafic organique a augment\u00e9 de 300% en huit mois, avec 2 700 nouveaux utilisateurs en ao\u00fbt. Ce succ\u00e8s met en \u00e9vidence la puissance des strat\u00e9gies num\u00e9riques cibl\u00e9es.<\/p>\n\t\t<\/div>\n\t\t\n\t\t<a class=\"elementor-post__read-more\" href=\"https:\/\/linkbuildingseo.be\/fr\/klantencase-saferoads\/\" aria-label=\"En savoir plus sur Saferoads\" tabindex=\"-1\" >\n\t\t\tLire la suite \"\t\t<\/a>\n\n\t\t\t\t<\/div>\n\t\t\t\t\t<\/div>\n\t\t<\/article>\n\t\t\t\t<article class=\"elementor-post elementor-grid-item post-9586 post type-post status-publish format-standard has-post-thumbnail hentry category-cases-seo\" role=\"listitem\">\n\t\t\t<div class=\"elementor-post__card\">\n\t\t\t\t<a class=\"elementor-post__thumbnail__link\" href=\"https:\/\/linkbuildingseo.be\/fr\/klantencase-bl-schoonheidssalon\/\" tabindex=\"-1\" ><div class=\"elementor-post__thumbnail\"><img decoding=\"async\" width=\"800\" height=\"408\" src=\"https:\/\/linkbuildingseo.be\/wp-content\/uploads\/2025\/02\/Scherm\u00adafbeelding-2025-03-19-om-12.05.06-1024x522.png\" class=\"attachment-large size-large wp-image-9756\" alt=\"\" srcset=\"\" sizes=\"(max-width: 800px) 100vw, 800px\" data-srcset=\"\" \/><\/div><\/a>\n\t\t\t\t<div class=\"elementor-post__text\">\n\t\t\t\t<h3 class=\"elementor-post__title\">\n\t\t\t<a href=\"https:\/\/linkbuildingseo.be\/fr\/klantencase-bl-schoonheidssalon\/\" >\n\t\t\t\tSalon de beaut\u00e9 BL\t\t\t<\/a>\n\t\t<\/h3>\n\t\t\t\t<div class=\"elementor-post__excerpt\">\n\t\t\t<p>BL Beauty Salon, un nouveau site de soins de beaut\u00e9, souhaitait g\u00e9n\u00e9rer plus de visibilit\u00e9 en ligne et de trafic organique. Gr\u00e2ce \u00e0 une collaboration strat\u00e9gique avec notre \u00e9quipe, le nombre de visiteurs quotidiens a augment\u00e9 de 135,6% en six mois. Ce succ\u00e8s montre l'impact d'une strat\u00e9gie cibl\u00e9e pour la croissance num\u00e9rique et l'atteinte des clients.<\/p>\n\t\t<\/div>\n\t\t\n\t\t<a class=\"elementor-post__read-more\" href=\"https:\/\/linkbuildingseo.be\/fr\/klantencase-bl-schoonheidssalon\/\" aria-label=\"En savoir plus sur BL Schoonheidssalon\" tabindex=\"-1\" >\n\t\t\tLire la suite \"\t\t<\/a>\n\n\t\t\t\t<\/div>\n\t\t\t\t\t<\/div>\n\t\t<\/article>\n\t\t\t\t<\/div>\n\t\t\n\t\t\t\t\t\t<\/div>\n\t\t\t\t<\/div>\n\t\t\t\t\t<\/div>\n\t\t<\/div>\n\t\t\t\t\t<\/div>\n\t\t<\/section>\n\t\t<div class=\"elementor-element elementor-element-7531fbb0 e-grid e-con-boxed e-con e-parent\" data-id=\"7531fbb0\" data-element_type=\"container\" data-e-type=\"container\">\n\t\t\t\t\t<div class=\"e-con-inner\">\n\t\t\t\t<div class=\"elementor-element elementor-element-67b8982d elementor-view-framed elementor-fixed elementor-shape-circle elementor-widget elementor-widget-icon\" data-id=\"67b8982d\" data-element_type=\"widget\" data-e-type=\"widget\" data-settings=\"{&quot;_position&quot;:&quot;fixed&quot;}\" data-widget_type=\"icon.default\">\n\t\t\t\t<div class=\"elementor-widget-container\">\n\t\t\t\t\t\t\t<div class=\"elementor-icon-wrapper\">\n\t\t\t<a class=\"elementor-icon\" href=\"tel:+32465990642\">\n\t\t\t<i aria-hidden=\"true\" class=\"fas fa-phone-alt\"><\/i>\t\t\t<\/a>\n\t\t<\/div>\n\t\t\t\t\t\t<\/div>\n\t\t\t\t<\/div>\n\t\t\t\t<div class=\"elementor-element elementor-element-5d1b586b elementor-view-framed elementor-fixed elementor-shape-circle elementor-widget elementor-widget-icon\" data-id=\"5d1b586b\" data-element_type=\"widget\" data-e-type=\"widget\" data-settings=\"{&quot;_position&quot;:&quot;fixed&quot;}\" data-widget_type=\"icon.default\">\n\t\t\t\t<div class=\"elementor-widget-container\">\n\t\t\t\t\t\t\t<div class=\"elementor-icon-wrapper\">\n\t\t\t<a class=\"elementor-icon\" href=\"https:\/\/wa.me\/message\/IJV2TM7SG7EKO1\" target=\"_blank\" rel=\"noopener\">\n\t\t\t<i aria-hidden=\"true\" class=\"fab fa-whatsapp\"><\/i>\t\t\t<\/a>\n\t\t<\/div>\n\t\t\t\t\t\t<\/div>\n\t\t\t\t<\/div>\n\t\t\t\t<div class=\"elementor-element elementor-element-3e247b10 elementor-view-framed elementor-fixed elementor-shape-circle elementor-widget elementor-widget-icon\" data-id=\"3e247b10\" data-element_type=\"widget\" data-e-type=\"widget\" data-settings=\"{&quot;_position&quot;:&quot;fixed&quot;}\" data-widget_type=\"icon.default\">\n\t\t\t\t<div class=\"elementor-widget-container\">\n\t\t\t\t\t\t\t<div class=\"elementor-icon-wrapper\">\n\t\t\t<a class=\"elementor-icon\" href=\"#contact\">\n\t\t\t<i aria-hidden=\"true\" class=\"far fa-envelope\"><\/i>\t\t\t<\/a>\n\t\t<\/div>\n\t\t\t\t\t\t<\/div>\n\t\t\t\t<\/div>\n\t\t\t\t\t<\/div>\n\t\t\t\t<\/div>\n\t\t\t\t<\/div>","protected":false},"excerpt":{"rendered":"<p>Nos cas clients<\/p>","protected":false},"author":1,"featured_media":0,"parent":0,"menu_order":0,"comment_status":"closed","ping_status":"closed","template":"","meta":{"footnotes":""},"class_list":["post-9581","page","type-page","status-publish","hentry"],"_links":{"self":[{"href":"https:\/\/linkbuildingseo.be\/fr\/wp-json\/wp\/v2\/pages\/9581","targetHints":{"allow":["GET"]}}],"collection":[{"href":"https:\/\/linkbuildingseo.be\/fr\/wp-json\/wp\/v2\/pages"}],"about":[{"href":"https:\/\/linkbuildingseo.be\/fr\/wp-json\/wp\/v2\/types\/page"}],"author":[{"embeddable":true,"href":"https:\/\/linkbuildingseo.be\/fr\/wp-json\/wp\/v2\/users\/1"}],"replies":[{"embeddable":true,"href":"https:\/\/linkbuildingseo.be\/fr\/wp-json\/wp\/v2\/comments?post=9581"}],"version-history":[{"count":19,"href":"https:\/\/linkbuildingseo.be\/fr\/wp-json\/wp\/v2\/pages\/9581\/revisions"}],"predecessor-version":[{"id":9761,"href":"https:\/\/linkbuildingseo.be\/fr\/wp-json\/wp\/v2\/pages\/9581\/revisions\/9761"}],"wp:attachment":[{"href":"https:\/\/linkbuildingseo.be\/fr\/wp-json\/wp\/v2\/media?parent=9581"}],"curies":[{"name":"wp","href":"https:\/\/api.w.org\/{rel}","templated":true}]}}