{"id":9581,"date":"2025-02-17T13:47:42","date_gmt":"2025-02-17T13:47:42","guid":{"rendered":"https:\/\/linkbuildingseo.be\/?page_id=9581"},"modified":"2025-03-19T11:08:51","modified_gmt":"2025-03-19T11:08:51","slug":"falle","status":"publish","type":"page","link":"https:\/\/linkbuildingseo.be\/de\/cases\/","title":{"rendered":"F\u00e4lle"},"content":{"rendered":"<div data-elementor-type=\"wp-page\" data-elementor-id=\"9581\" class=\"elementor elementor-9581\" data-elementor-post-type=\"page\">\n\t\t\t\t<div class=\"elementor-element elementor-element-b50d2e7 e-grid e-con-boxed e-con e-parent\" data-id=\"b50d2e7\" data-element_type=\"container\" data-e-type=\"container\">\n\t\t\t\t\t<div class=\"e-con-inner\">\n\t\t\t\t<div class=\"elementor-element elementor-element-767c7a5 elementor-widget elementor-widget-heading\" data-id=\"767c7a5\" data-element_type=\"widget\" data-e-type=\"widget\" data-widget_type=\"heading.default\">\n\t\t\t\t<div class=\"elementor-widget-container\">\n\t\t\t\t\t<h2 class=\"elementor-heading-title elementor-size-default\">Unsere Kundenf\u00e4lle<\/h2>\t\t\t\t<\/div>\n\t\t\t\t<\/div>\n\t\t\t\t\t<\/div>\n\t\t\t\t<\/div>\n\t\t\t\t<section class=\"elementor-section elementor-top-section elementor-element elementor-element-a041457 elementor-section-boxed elementor-section-height-default elementor-section-height-default\" data-id=\"a041457\" data-element_type=\"section\" data-e-type=\"section\">\n\t\t\t\t\t\t<div class=\"elementor-container elementor-column-gap-default\">\n\t\t\t\t\t<div class=\"elementor-column elementor-col-100 elementor-top-column elementor-element elementor-element-1d2a82c\" data-id=\"1d2a82c\" data-element_type=\"column\" data-e-type=\"column\">\n\t\t\t<div class=\"elementor-widget-wrap elementor-element-populated\">\n\t\t\t\t\t\t<div class=\"elementor-element elementor-element-038d1f7 elementor-grid-3 elementor-grid-tablet-2 elementor-grid-mobile-1 elementor-posts--thumbnail-top elementor-card-shadow-yes elementor-posts__hover-gradient elementor-widget elementor-widget-posts\" data-id=\"038d1f7\" data-element_type=\"widget\" data-e-type=\"widget\" data-settings=\"{&quot;cards_columns&quot;:&quot;3&quot;,&quot;cards_columns_tablet&quot;:&quot;2&quot;,&quot;cards_columns_mobile&quot;:&quot;1&quot;,&quot;cards_row_gap&quot;:{&quot;unit&quot;:&quot;px&quot;,&quot;size&quot;:35,&quot;sizes&quot;:[]},&quot;cards_row_gap_tablet&quot;:{&quot;unit&quot;:&quot;px&quot;,&quot;size&quot;:&quot;&quot;,&quot;sizes&quot;:[]},&quot;cards_row_gap_mobile&quot;:{&quot;unit&quot;:&quot;px&quot;,&quot;size&quot;:&quot;&quot;,&quot;sizes&quot;:[]}}\" data-widget_type=\"posts.cards\">\n\t\t\t\t<div class=\"elementor-widget-container\">\n\t\t\t\t\t\t\t<div class=\"elementor-posts-container elementor-posts elementor-posts--skin-cards elementor-grid\" role=\"list\">\n\t\t\t\t<article class=\"elementor-post elementor-grid-item post-9614 post type-post status-publish format-standard has-post-thumbnail hentry category-cases-seo\" role=\"listitem\">\n\t\t\t<div class=\"elementor-post__card\">\n\t\t\t\t<a class=\"elementor-post__thumbnail__link\" href=\"https:\/\/linkbuildingseo.be\/de\/klantencase-the-suitlab\/\" tabindex=\"-1\" ><div class=\"elementor-post__thumbnail\"><img fetchpriority=\"high\" decoding=\"async\" width=\"800\" height=\"408\" src=\"https:\/\/linkbuildingseo.be\/wp-content\/uploads\/2025\/02\/Scherm\u00adafbeelding-2025-03-19-om-12.04.46-1024x522.png\" class=\"attachment-large size-large wp-image-9757\" alt=\"\" srcset=\"https:\/\/linkbuildingseo.be\/wp-content\/uploads\/2025\/02\/Scherm\u00adafbeelding-2025-03-19-om-12.04.46-1024x522.png 1024w, https:\/\/linkbuildingseo.be\/wp-content\/uploads\/2025\/02\/Scherm\u00adafbeelding-2025-03-19-om-12.04.46-300x153.png 300w, https:\/\/linkbuildingseo.be\/wp-content\/uploads\/2025\/02\/Scherm\u00adafbeelding-2025-03-19-om-12.04.46-768x391.png 768w, https:\/\/linkbuildingseo.be\/wp-content\/uploads\/2025\/02\/Scherm\u00adafbeelding-2025-03-19-om-12.04.46-1536x782.png 1536w, https:\/\/linkbuildingseo.be\/wp-content\/uploads\/2025\/02\/Scherm\u00adafbeelding-2025-03-19-om-12.04.46-2048x1043.png 2048w\" sizes=\"(max-width: 800px) 100vw, 800px\" \/><\/div><\/a>\n\t\t\t\t<div class=\"elementor-post__text\">\n\t\t\t\t<h3 class=\"elementor-post__title\">\n\t\t\t<a href=\"https:\/\/linkbuildingseo.be\/de\/klantencase-the-suitlab\/\" >\n\t\t\t\tDas SuitLab\t\t\t<\/a>\n\t\t<\/h3>\n\t\t\t\t<div class=\"elementor-post__excerpt\">\n\t\t\t<p>The Suitlab, ein Spezialist f\u00fcr Ma\u00dfanz\u00fcge, erreicht dank jahrelanger SEO-Investitionen \u00fcber 62 Keywords in den Top 5 von Google. Dies f\u00fchrt zu einem konstanten Fluss von Anfragen \u00fcber die Website. Unsere langj\u00e4hrige Zusammenarbeit zeigt, dass effektives, ethisches SEO zu einem nachhaltigen Online-Erfolg beitr\u00e4gt.<\/p>\n\t\t<\/div>\n\t\t\n\t\t<a class=\"elementor-post__read-more\" href=\"https:\/\/linkbuildingseo.be\/de\/klantencase-the-suitlab\/\" aria-label=\"Mehr \u00fcber The SuitLab\" tabindex=\"-1\" >\n\t\t\tMehr lesen \"\t\t<\/a>\n\n\t\t\t\t<\/div>\n\t\t\t\t\t<\/div>\n\t\t<\/article>\n\t\t\t\t<article class=\"elementor-post elementor-grid-item post-9602 post type-post status-publish format-standard has-post-thumbnail hentry category-cases-seo\" role=\"listitem\">\n\t\t\t<div class=\"elementor-post__card\">\n\t\t\t\t<a class=\"elementor-post__thumbnail__link\" href=\"https:\/\/linkbuildingseo.be\/de\/klantencase-saferoads\/\" tabindex=\"-1\" ><div class=\"elementor-post__thumbnail\"><img decoding=\"async\" width=\"800\" height=\"408\" src=\"https:\/\/linkbuildingseo.be\/wp-content\/uploads\/2025\/02\/Scherm\u00adafbeelding-2025-03-19-om-12.04.10-1024x522.png\" class=\"attachment-large size-large wp-image-9758\" alt=\"\" srcset=\"https:\/\/linkbuildingseo.be\/wp-content\/uploads\/2025\/02\/Scherm\u00adafbeelding-2025-03-19-om-12.04.10-1024x522.png 1024w, https:\/\/linkbuildingseo.be\/wp-content\/uploads\/2025\/02\/Scherm\u00adafbeelding-2025-03-19-om-12.04.10-300x153.png 300w, https:\/\/linkbuildingseo.be\/wp-content\/uploads\/2025\/02\/Scherm\u00adafbeelding-2025-03-19-om-12.04.10-768x391.png 768w, https:\/\/linkbuildingseo.be\/wp-content\/uploads\/2025\/02\/Scherm\u00adafbeelding-2025-03-19-om-12.04.10-1536x782.png 1536w, https:\/\/linkbuildingseo.be\/wp-content\/uploads\/2025\/02\/Scherm\u00adafbeelding-2025-03-19-om-12.04.10-2048x1043.png 2048w\" sizes=\"(max-width: 800px) 100vw, 800px\" \/><\/div><\/a>\n\t\t\t\t<div class=\"elementor-post__text\">\n\t\t\t\t<h3 class=\"elementor-post__title\">\n\t\t\t<a href=\"https:\/\/linkbuildingseo.be\/de\/klantencase-saferoads\/\" >\n\t\t\t\tSaferoads\t\t\t<\/a>\n\t\t<\/h3>\n\t\t\t\t<div class=\"elementor-post__excerpt\">\n\t\t\t<p>Saferoads.be, das sich auf die Sicherheit des obligatorischen R\u00fcckreiseverkehrs spezialisiert hat, wollte mehr Sichtbarkeit im Internet und mehr organischen Verkehr. Dank eines strategischen Ansatzes stieg der organische Verkehr in acht Monaten um 300%, mit 2.700 neuen Nutzern im August. Dieser Erfolg unterstreicht die Kraft gezielter digitaler Strategien.<\/p>\n\t\t<\/div>\n\t\t\n\t\t<a class=\"elementor-post__read-more\" href=\"https:\/\/linkbuildingseo.be\/de\/klantencase-saferoads\/\" aria-label=\"Mehr \u00fcber Saferoads\" tabindex=\"-1\" >\n\t\t\tMehr lesen \"\t\t<\/a>\n\n\t\t\t\t<\/div>\n\t\t\t\t\t<\/div>\n\t\t<\/article>\n\t\t\t\t<article class=\"elementor-post elementor-grid-item post-9586 post type-post status-publish format-standard has-post-thumbnail hentry category-cases-seo\" role=\"listitem\">\n\t\t\t<div class=\"elementor-post__card\">\n\t\t\t\t<a class=\"elementor-post__thumbnail__link\" href=\"https:\/\/linkbuildingseo.be\/de\/klantencase-bl-schoonheidssalon\/\" tabindex=\"-1\" ><div class=\"elementor-post__thumbnail\"><img decoding=\"async\" width=\"800\" height=\"408\" src=\"https:\/\/linkbuildingseo.be\/wp-content\/uploads\/2025\/02\/Scherm\u00adafbeelding-2025-03-19-om-12.05.06-1024x522.png\" class=\"attachment-large size-large wp-image-9756\" alt=\"\" srcset=\"\" sizes=\"(max-width: 800px) 100vw, 800px\" data-srcset=\"\" \/><\/div><\/a>\n\t\t\t\t<div class=\"elementor-post__text\">\n\t\t\t\t<h3 class=\"elementor-post__title\">\n\t\t\t<a href=\"https:\/\/linkbuildingseo.be\/de\/klantencase-bl-schoonheidssalon\/\" >\n\t\t\t\tBL Sch\u00f6nheitssalon\t\t\t<\/a>\n\t\t<\/h3>\n\t\t\t\t<div class=\"elementor-post__excerpt\">\n\t\t\t<p>BL Beauty Salon, eine neue Website f\u00fcr Sch\u00f6nheitsbehandlungen, wollte mehr Online-Pr\u00e4senz und organischen Traffic generieren. Durch eine strategische Zusammenarbeit mit unserem Team stieg die Zahl der t\u00e4glichen Besucher innerhalb von sechs Monaten um 135,6%. Dieser Erfolg zeigt die Wirkung einer gezielten Strategie f\u00fcr digitales Wachstum und Kundenreichweite.<\/p>\n\t\t<\/div>\n\t\t\n\t\t<a class=\"elementor-post__read-more\" href=\"https:\/\/linkbuildingseo.be\/de\/klantencase-bl-schoonheidssalon\/\" aria-label=\"Mehr \u00fcber BL Schoonheidssalon\" tabindex=\"-1\" >\n\t\t\tMehr lesen \"\t\t<\/a>\n\n\t\t\t\t<\/div>\n\t\t\t\t\t<\/div>\n\t\t<\/article>\n\t\t\t\t<\/div>\n\t\t\n\t\t\t\t\t\t<\/div>\n\t\t\t\t<\/div>\n\t\t\t\t\t<\/div>\n\t\t<\/div>\n\t\t\t\t\t<\/div>\n\t\t<\/section>\n\t\t<div class=\"elementor-element elementor-element-7531fbb0 e-grid e-con-boxed e-con e-parent\" data-id=\"7531fbb0\" data-element_type=\"container\" data-e-type=\"container\">\n\t\t\t\t\t<div class=\"e-con-inner\">\n\t\t\t\t<div class=\"elementor-element elementor-element-67b8982d elementor-view-framed elementor-fixed elementor-shape-circle elementor-widget elementor-widget-icon\" data-id=\"67b8982d\" data-element_type=\"widget\" data-e-type=\"widget\" data-settings=\"{&quot;_position&quot;:&quot;fixed&quot;}\" data-widget_type=\"icon.default\">\n\t\t\t\t<div class=\"elementor-widget-container\">\n\t\t\t\t\t\t\t<div class=\"elementor-icon-wrapper\">\n\t\t\t<a class=\"elementor-icon\" href=\"tel:+32465990642\">\n\t\t\t<i aria-hidden=\"true\" class=\"fas fa-phone-alt\"><\/i>\t\t\t<\/a>\n\t\t<\/div>\n\t\t\t\t\t\t<\/div>\n\t\t\t\t<\/div>\n\t\t\t\t<div class=\"elementor-element elementor-element-5d1b586b elementor-view-framed elementor-fixed elementor-shape-circle elementor-widget elementor-widget-icon\" data-id=\"5d1b586b\" data-element_type=\"widget\" data-e-type=\"widget\" data-settings=\"{&quot;_position&quot;:&quot;fixed&quot;}\" data-widget_type=\"icon.default\">\n\t\t\t\t<div class=\"elementor-widget-container\">\n\t\t\t\t\t\t\t<div class=\"elementor-icon-wrapper\">\n\t\t\t<a class=\"elementor-icon\" href=\"https:\/\/wa.me\/message\/IJV2TM7SG7EKO1\" target=\"_blank\" rel=\"noopener\">\n\t\t\t<i aria-hidden=\"true\" class=\"fab fa-whatsapp\"><\/i>\t\t\t<\/a>\n\t\t<\/div>\n\t\t\t\t\t\t<\/div>\n\t\t\t\t<\/div>\n\t\t\t\t<div class=\"elementor-element elementor-element-3e247b10 elementor-view-framed elementor-fixed elementor-shape-circle elementor-widget elementor-widget-icon\" data-id=\"3e247b10\" data-element_type=\"widget\" data-e-type=\"widget\" data-settings=\"{&quot;_position&quot;:&quot;fixed&quot;}\" data-widget_type=\"icon.default\">\n\t\t\t\t<div class=\"elementor-widget-container\">\n\t\t\t\t\t\t\t<div class=\"elementor-icon-wrapper\">\n\t\t\t<a class=\"elementor-icon\" href=\"#contact\">\n\t\t\t<i aria-hidden=\"true\" class=\"far fa-envelope\"><\/i>\t\t\t<\/a>\n\t\t<\/div>\n\t\t\t\t\t\t<\/div>\n\t\t\t\t<\/div>\n\t\t\t\t\t<\/div>\n\t\t\t\t<\/div>\n\t\t\t\t<\/div>","protected":false},"excerpt":{"rendered":"<p>Unsere Kundenf\u00e4lle<\/p>","protected":false},"author":1,"featured_media":0,"parent":0,"menu_order":0,"comment_status":"closed","ping_status":"closed","template":"","meta":{"footnotes":""},"class_list":["post-9581","page","type-page","status-publish","hentry"],"_links":{"self":[{"href":"https:\/\/linkbuildingseo.be\/de\/wp-json\/wp\/v2\/pages\/9581","targetHints":{"allow":["GET"]}}],"collection":[{"href":"https:\/\/linkbuildingseo.be\/de\/wp-json\/wp\/v2\/pages"}],"about":[{"href":"https:\/\/linkbuildingseo.be\/de\/wp-json\/wp\/v2\/types\/page"}],"author":[{"embeddable":true,"href":"https:\/\/linkbuildingseo.be\/de\/wp-json\/wp\/v2\/users\/1"}],"replies":[{"embeddable":true,"href":"https:\/\/linkbuildingseo.be\/de\/wp-json\/wp\/v2\/comments?post=9581"}],"version-history":[{"count":19,"href":"https:\/\/linkbuildingseo.be\/de\/wp-json\/wp\/v2\/pages\/9581\/revisions"}],"predecessor-version":[{"id":9761,"href":"https:\/\/linkbuildingseo.be\/de\/wp-json\/wp\/v2\/pages\/9581\/revisions\/9761"}],"wp:attachment":[{"href":"https:\/\/linkbuildingseo.be\/de\/wp-json\/wp\/v2\/media?parent=9581"}],"curies":[{"name":"wp","href":"https:\/\/api.w.org\/{rel}","templated":true}]}}